{"id":8,"date":"2025-05-29T21:51:24","date_gmt":"2025-05-29T21:51:24","guid":{"rendered":"https:\/\/www.controltruck.dev\/?page_id=8"},"modified":"2026-01-06T06:46:34","modified_gmt":"2026-01-06T06:46:34","slug":"control-truck-software-erp-para-gestion-industrial-solucion-lider","status":"publish","type":"page","link":"https:\/\/www.controltruck.dev\/","title":{"rendered":"Control Truck &#8211; Software ERP para Gesti\u00f3n Industrial | Soluci\u00f3n L\u00edder"},"content":{"rendered":"\n  <div class=\"banner has-hover\" id=\"banner-978023514\">\n          <div class=\"banner-inner fill\">\n        <div class=\"banner-bg fill\" >\n            <div class=\"bg fill bg-fill \"><\/div>\n                        <div class=\"overlay\"><\/div>            \n                    <\/div><!-- bg-layers -->\n        <div class=\"banner-layers container\">\n            <div class=\"fill banner-link\"><\/div>            \n   <div id=\"text-box-1399066991\" class=\"text-box banner-layer x5 md-x5 lg-x5 y50 md-y50 lg-y50 res-text\">\n                                <div class=\"text dark\">\n              \n              <div class=\"text-inner text-center\">\n                  \n<h1>La Gesti\u00f3n Total de tu Negocio<\/h1>\n<h3>El ERP para PyMEs<\/h3>\n<p style=\"text-align: left;\">Olvida los costos y la complejidad de los sistemas tradicionales. Control Truck ERP te ofrece el poder , la facilidad de uso a un costo accesible que una PyME necesita. Nuestro software de gesti\u00f3n intuitivo es ideal para optimizar operaciones en manufactura, el sector agr\u00edcola, arrendadoras de montacargas y maquinaria, empresas de log\u00edstica y talleres mec\u00e1nicos.<\/p>\n<p> Domina tu control de inventarios, la gesti\u00f3n de mantenimientos y las \u00f3rdenes de servicio desde una \u00fanica plataforma adaptable a tu crecimiento.<\/p>\n<a href=\"http:\/\/erpcontroltruck.com\/\" target=\"_self\" class=\"button alert is-larger\" style=\"border-radius:50px;\" rel=\"noopener\">\n    <span>Visita nuestro sitio oficial<\/span>\n  <\/a>\n\n              <\/div>\n           <\/div><!-- text-box-inner -->\n                            \n<style scope=\"scope\">\n\n#text-box-1399066991 {\n  width: 54%;\n}\n#text-box-1399066991 .text {\n  font-size: 100%;\n}\n<\/style>\n    <\/div><!-- text-box -->\n \n        <\/div><!-- .banner-layers -->\n      <\/div><!-- .banner-inner -->\n\n            \n<style scope=\"scope\">\n\n#banner-978023514 {\n  padding-top: 500px;\n}\n#banner-978023514 .bg.bg-loaded {\n  background-image: url(https:\/\/www.controltruck.dev\/wp-content\/uploads\/2025\/06\/Control-Truck-ERP-banner-principal-1024x481.png);\n}\n#banner-978023514 .overlay {\n  background-color: rgba(0, 0, 0, 0.17);\n}\n<\/style>\n  <\/div><!-- .banner -->\n\n\n","protected":false},"excerpt":{"rendered":"","protected":false},"author":1,"featured_media":0,"parent":0,"menu_order":0,"comment_status":"closed","ping_status":"closed","template":"","meta":{"footnotes":""},"class_list":["post-8","page","type-page","status-publish","hentry"],"_links":{"self":[{"href":"https:\/\/www.controltruck.dev\/index.php\/wp-json\/wp\/v2\/pages\/8","targetHints":{"allow":["GET"]}}],"collection":[{"href":"https:\/\/www.controltruck.dev\/index.php\/wp-json\/wp\/v2\/pages"}],"about":[{"href":"https:\/\/www.controltruck.dev\/index.php\/wp-json\/wp\/v2\/types\/page"}],"author":[{"embeddable":true,"href":"https:\/\/www.controltruck.dev\/index.php\/wp-json\/wp\/v2\/users\/1"}],"replies":[{"embeddable":true,"href":"https:\/\/www.controltruck.dev\/index.php\/wp-json\/wp\/v2\/comments?post=8"}],"version-history":[{"count":59,"href":"https:\/\/www.controltruck.dev\/index.php\/wp-json\/wp\/v2\/pages\/8\/revisions"}],"predecessor-version":[{"id":127,"href":"https:\/\/www.controltruck.dev\/index.php\/wp-json\/wp\/v2\/pages\/8\/revisions\/127"}],"wp:attachment":[{"href":"https:\/\/www.controltruck.dev\/index.php\/wp-json\/wp\/v2\/media?parent=8"}],"curies":[{"name":"wp","href":"https:\/\/api.w.org\/{rel}","templated":true}]}}